{"id":19,"date":"2026-02-11T11:11:59","date_gmt":"2026-02-11T11:11:59","guid":{"rendered":"https:\/\/gitedufiguier.com\/?page_id=19"},"modified":"2026-02-11T12:46:58","modified_gmt":"2026-02-11T12:46:58","slug":"refund_returns","status":"publish","type":"page","link":"https:\/\/gitedufiguier.com\/en\/refund_returns\/","title":{"rendered":"Legal Notices"},"content":{"rendered":"<p>In accordance with the provisions of Law No. 2004-575 of 21 June 2004 on Confidence in the Digital Economy, users of the site are hereby informed <strong>giteduguier.com<\/strong> the identity of the various stakeholders involved in its implementation and monitoring.<\/p>\n\n\n\n<h2 class=\"wp-block-heading\">Website publisher<\/h2>\n\n\n\n<p><strong>Fig Tree Cottage<\/strong><br>Owner: Emmanuel ROUVET<br>Legal status: Sole proprietorship<br>SIRET: 501 367 247 00027<\/p>\n\n\n\n<p><strong>Address :<\/strong><br>270 rue d&#039;Orl\u00e9ans<br>45570 Ouzouer-sur-Loire<br>France<\/p>\n\n\n\n<p><strong>Contact :<\/strong><br>Email: <a href=\"mailto:contact@gitedufiguier.com\">contact@gitedufiguier.com<\/a><br>Telephone: 06 33 89 22 59<\/p>\n\n\n\n<p><strong>Publishing Director:<\/strong><br>Emmanuel ROUVET<\/p>\n\n\n\n<hr class=\"wp-block-separator has-alpha-channel-opacity\"\/>\n\n\n\n<h2 class=\"wp-block-heading\">Website hosting<\/h2>\n\n\n\n<p>The site <strong>giteduguier.com<\/strong> is hosted by:<\/p>\n\n\n\n<p><strong>OVH SAS<\/strong><br>2 rue Kellermann<br>59100 Roubaix<br>France<br>Telephone: 1007<\/p>\n\n\n\n<p>Website: <a href=\"https:\/\/www.ovh.com\">www.ovh.com<\/a><\/p>\n\n\n\n<hr class=\"wp-block-separator has-alpha-channel-opacity\"\/>\n\n\n\n<h2 class=\"wp-block-heading\">Design and production<\/h2>\n\n\n\n<p><strong>Web Coast<\/strong><br>Web agency and development<\/p>\n\n\n\n<hr class=\"wp-block-separator has-alpha-channel-opacity\"\/>\n\n\n\n<h2 class=\"wp-block-heading\">Intellectual property<\/h2>\n\n\n\n<p>This entire website is governed by French and international legislation on copyright and intellectual property. All rights of reproduction are reserved, including for downloadable documents and iconographic and photographic representations.<\/p>\n\n\n\n<p>Reproduction of all or part of this site on any electronic or other medium whatsoever is strictly prohibited without the express permission of the publisher, in accordance with Article L.122-4 of the Intellectual Property Code.<\/p>\n\n\n\n<p>The trademarks and logos displayed on this website are registered and protected. Any reproduction, in whole or in part, of these trademarks or logos, made using elements from this website without the express permission of the publisher, is therefore prohibited.<\/p>\n\n\n\n<hr class=\"wp-block-separator has-alpha-channel-opacity\"\/>\n\n\n\n<h2 class=\"wp-block-heading\">Personal data protection (GDPR)<\/h2>\n\n\n\n<h3 class=\"wp-block-heading\">Data controller<\/h3>\n\n\n\n<p>Emmanuel ROUVET<br>270 rue d&#039;Orl\u00e9ans<br>45570 Ouzouer-sur-Loire<br>Email: <a href=\"mailto:contact@gitedufiguier.com\">contact@gitedufiguier.com<\/a><\/p>\n\n\n\n<h3 class=\"wp-block-heading\">Data collected<\/h3>\n\n\n\n<p>The following data may be collected when using the website giteduguier.com:<\/p>\n\n\n\n<p><strong>Via the contact form:<\/strong><\/p>\n\n\n\n<ul class=\"wp-block-list\">\n<li>First and last name<\/li>\n\n\n\n<li>E-mail address<\/li>\n\n\n\n<li>Phone number<\/li>\n\n\n\n<li>Message<\/li>\n<\/ul>\n\n\n\n<p><strong>Via reservations:<\/strong><\/p>\n\n\n\n<ul class=\"wp-block-list\">\n<li>Contact information<\/li>\n\n\n\n<li>Dates of stay<\/li>\n\n\n\n<li>Number of people<\/li>\n<\/ul>\n\n\n\n<h3 class=\"wp-block-heading\">Purpose of the processing<\/h3>\n\n\n\n<p>The personal data collected is used solely for the following purposes:<\/p>\n\n\n\n<ul class=\"wp-block-list\">\n<li>Responding to your inquiries<\/li>\n\n\n\n<li>Processing your reservations<\/li>\n\n\n\n<li>Sending you information related to your stay<\/li>\n<\/ul>\n\n\n\n<h3 class=\"wp-block-heading\">Shelf life<\/h3>\n\n\n\n<p>Your personal data is kept for the period necessary to achieve the purposes mentioned above, and in accordance with legal retention obligations.<\/p>\n\n\n\n<h3 class=\"wp-block-heading\">Your rights<\/h3>\n\n\n\n<p>In accordance with the General Data Protection Regulation (GDPR) and the French Data Protection Act, you have the following rights:<\/p>\n\n\n\n<ul class=\"wp-block-list\">\n<li>Right of access to your personal data<\/li>\n\n\n\n<li>Right to rectification of your data<\/li>\n\n\n\n<li>Right to erasure of your data<\/li>\n\n\n\n<li>Right to restriction of processing<\/li>\n\n\n\n<li>Right to data portability<\/li>\n\n\n\n<li>Right to object to processing<\/li>\n<\/ul>\n\n\n\n<p>To exercise these rights, you can contact us:<\/p>\n\n\n\n<ul class=\"wp-block-list\">\n<li>By email: <a href=\"mailto:contact@gitedufiguier.com\">contact@gitedufiguier.com<\/a><\/li>\n\n\n\n<li>By mail: Emmanuel ROUVET \u2013 270 rue d&#039;Orl\u00e9ans, 45570 Ouzouer-sur-Loire<\/li>\n<\/ul>\n\n\n\n<p>You also have the right to lodge a complaint with the CNIL (National Commission for Information Technology and Civil Liberties): <a href=\"https:\/\/www.cnil.fr\">www.cnil.fr<\/a><\/p>\n\n\n\n<hr class=\"wp-block-separator has-alpha-channel-opacity\"\/>\n\n\n\n<h2 class=\"wp-block-heading\">Cookies<\/h2>\n\n\n\n<p>The website giteduguier.com may use cookies to improve your browsing experience.<\/p>\n\n\n\n<p><strong>What is a cookie?<\/strong><br>A cookie is a small text file placed on your computer when you visit a website.<\/p>\n\n\n\n<p><strong>Cookies used on this site:<\/strong><\/p>\n\n\n\n<ul class=\"wp-block-list\">\n<li>Technical cookies necessary for the proper functioning of the site<\/li>\n\n\n\n<li>Audience measurement cookies (if Google Analytics or other is used)<\/li>\n<\/ul>\n\n\n\n<p><strong>Cookie management:<\/strong><br>You can disable cookies at any time through your browser settings. However, some website features may no longer be available.<\/p>\n\n\n\n<hr class=\"wp-block-separator has-alpha-channel-opacity\"\/>\n\n\n\n<h2 class=\"wp-block-heading\">Limitation of liability<\/h2>\n\n\n\n<h3 class=\"wp-block-heading\">Site content<\/h3>\n\n\n\n<p>The publisher strives to ensure the accuracy and timeliness of the information published on this site. However, it cannot guarantee the accuracy, precision, or completeness of the information provided on this site.<\/p>\n\n\n\n<p>Consequently, the publisher declines all responsibility:<\/p>\n\n\n\n<ul class=\"wp-block-list\">\n<li>For any inaccuracies, errors or omissions in the information available on the site<\/li>\n\n\n\n<li>For any damages resulting from fraudulent intrusion by a third party that led to a modification of the information made available on the site<\/li>\n\n\n\n<li>And generally, for all damages, direct or indirect, whatever their causes, origins, nature or consequences<\/li>\n<\/ul>\n\n\n\n<h3 class=\"wp-block-heading\">Hyperlinks<\/h3>\n\n\n\n<p>The site may contain hyperlinks to other sites. The publisher has no control over these sites and accepts no responsibility for their content.<\/p>\n\n\n\n<hr class=\"wp-block-separator has-alpha-channel-opacity\"\/>\n\n\n\n<h2 class=\"wp-block-heading\">Applicable law and jurisdiction<\/h2>\n\n\n\n<p>Any dispute relating to the use of the website giteduguier.com is subject to French law. Exclusive jurisdiction is granted to the competent courts.<\/p>\n\n\n\n<hr class=\"wp-block-separator has-alpha-channel-opacity\"\/>\n\n\n\n<h2 class=\"wp-block-heading\">Contact<\/h2>\n\n\n\n<p>For any questions regarding these legal notices, you can contact us:<\/p>\n\n\n\n<p><strong>Email:<\/strong> <a href=\"mailto:contact@gitedufiguier.com\">contact@gitedufiguier.com<\/a><br><strong>Phone :<\/strong> 06 33 89 22 59<br><strong>Address :<\/strong> 270 rue d&#039;Orl\u00e9ans, 45570 Ouzouer-sur-Loire<\/p>","protected":false},"excerpt":{"rendered":"<p>Conform\u00e9ment aux dispositions de la loi n\u00b0 2004-575 du 21 juin 2004 pour la confiance en l&rsquo;\u00e9conomie num\u00e9rique, il est pr\u00e9cis\u00e9 aux utilisateurs du site gitedufiguier.com l&rsquo;identit\u00e9 des diff\u00e9rents intervenants dans le cadre de sa r\u00e9alisation et de son suivi. \u00c9diteur du site G\u00eete du FiguierPropri\u00e9taire : Emmanuel ROUVETStatut juridique : Entreprise individuelleSIRET : 501 &#8230;<\/p>","protected":false},"author":1,"featured_media":0,"parent":0,"menu_order":0,"comment_status":"closed","ping_status":"closed","template":"","meta":{"cozystay_single_page_hide_site_header":"","cozystay_single_page_site_header_source":"","cozystay_single_page_custom_site_header":"0","cozystay_single_page_custom_sticky_site_header":"0","cozystay_single_page_hide_page_title":"","cozystay_single_page_header_section_size":"","cozystay_single_page_header_background_color":"","cozystay_single_page_header_background_position_x":"center","cozystay_single_page_header_background_position_y":"center","cozystay_single_page_header_background_size":"cover","cozystay_single_page_header_background_repeat":"off","cozystay_single_page_header_background_scroll":"on","cozystay_single_page_header_text_color":"","cozystay_single_page_header_show_breadcrumb":"","cozystay_single_page_site_footer_hide_main":"","cozystay_single_custom_site_footer_main_source":"","cozystay_single_custom_site_footer_main":"0","cozystay_single_page_site_footer_hide_above":"","cozystay_single_custom_site_footer_above_source":"","cozystay_single_custom_site_footer_above":"0","cozystay_single_page_site_footer_hide_instagram":"","cozystay_single_page_site_footer_hide_bottom":"","cozystay_single_custom_mobile_menu_source":"","cozystay_single_custom_mobile_menu":"0","cozystay_single_custom_mobile_menu_animation":"","cozystay_single_custom_mobile_menu_width":"","cozystay_single_custom_mobile_menu_custom_width":375,"footnotes":""},"class_list":["post-19","page","type-page","status-publish","hentry"],"yoast_head":"<!-- This site is optimized with the Yoast SEO plugin v27.1.1 - https:\/\/yoast.com\/product\/yoast-seo-wordpress\/ -->\n<title>Mentions L\u00e9gales - Gite du Figuier<\/title>\n<meta name=\"robots\" content=\"index, follow, max-snippet:-1, max-image-preview:large, max-video-preview:-1\" \/>\n<link rel=\"canonical\" href=\"https:\/\/gitedufiguier.com\/en\/refund_returns\/\" \/>\n<meta property=\"og:locale\" content=\"en_GB\" \/>\n<meta property=\"og:type\" content=\"article\" \/>\n<meta property=\"og:title\" content=\"Mentions L\u00e9gales - Gite du Figuier\" \/>\n<meta property=\"og:description\" content=\"Conform\u00e9ment aux dispositions de la loi n\u00b0 2004-575 du 21 juin 2004 pour la confiance en l&rsquo;\u00e9conomie num\u00e9rique, il est pr\u00e9cis\u00e9 aux utilisateurs du site gitedufiguier.com l&rsquo;identit\u00e9 des diff\u00e9rents intervenants dans le cadre de sa r\u00e9alisation et de son suivi. \u00c9diteur du site G\u00eete du FiguierPropri\u00e9taire : Emmanuel ROUVETStatut juridique : Entreprise individuelleSIRET : 501 ...\" \/>\n<meta property=\"og:url\" content=\"https:\/\/gitedufiguier.com\/en\/refund_returns\/\" \/>\n<meta property=\"og:site_name\" content=\"Gite du Figuier\" \/>\n<meta property=\"article:modified_time\" content=\"2026-02-11T12:46:58+00:00\" \/>\n<meta name=\"twitter:card\" content=\"summary_large_image\" \/>\n<meta name=\"twitter:label1\" content=\"Estimated reading time\" \/>\n\t<meta name=\"twitter:data1\" content=\"4 minutes\" \/>\n<script type=\"application\/ld+json\" class=\"yoast-schema-graph\">{\"@context\":\"https:\/\/schema.org\",\"@graph\":[{\"@type\":\"WebPage\",\"@id\":\"https:\/\/gitedufiguier.com\/refund_returns\/\",\"url\":\"https:\/\/gitedufiguier.com\/refund_returns\/\",\"name\":\"Mentions L\u00e9gales - Gite du Figuier\",\"isPartOf\":{\"@id\":\"https:\/\/gitedufiguier.com\/en\/#website\"},\"datePublished\":\"2026-02-11T11:11:59+00:00\",\"dateModified\":\"2026-02-11T12:46:58+00:00\",\"breadcrumb\":{\"@id\":\"https:\/\/gitedufiguier.com\/refund_returns\/#breadcrumb\"},\"inLanguage\":\"en-GB\",\"potentialAction\":[{\"@type\":\"ReadAction\",\"target\":[\"https:\/\/gitedufiguier.com\/refund_returns\/\"]}]},{\"@type\":\"BreadcrumbList\",\"@id\":\"https:\/\/gitedufiguier.com\/refund_returns\/#breadcrumb\",\"itemListElement\":[{\"@type\":\"ListItem\",\"position\":1,\"name\":\"Accueil\",\"item\":\"https:\/\/gitedufiguier.com\/en\/\"},{\"@type\":\"ListItem\",\"position\":2,\"name\":\"Mentions L\u00e9gales\"}]},{\"@type\":\"WebSite\",\"@id\":\"https:\/\/gitedufiguier.com\/en\/#website\",\"url\":\"https:\/\/gitedufiguier.com\/en\/\",\"name\":\"Gite du Figuier\",\"description\":\"\",\"publisher\":{\"@id\":\"https:\/\/gitedufiguier.com\/en\/#organization\"},\"potentialAction\":[{\"@type\":\"SearchAction\",\"target\":{\"@type\":\"EntryPoint\",\"urlTemplate\":\"https:\/\/gitedufiguier.com\/en\/?s={search_term_string}\"},\"query-input\":{\"@type\":\"PropertyValueSpecification\",\"valueRequired\":true,\"valueName\":\"search_term_string\"}}],\"inLanguage\":\"en-GB\"},{\"@type\":\"Organization\",\"@id\":\"https:\/\/gitedufiguier.com\/en\/#organization\",\"name\":\"Gite du Figuier\",\"url\":\"https:\/\/gitedufiguier.com\/en\/\",\"logo\":{\"@type\":\"ImageObject\",\"inLanguage\":\"en-GB\",\"@id\":\"https:\/\/gitedufiguier.com\/en\/#\/schema\/logo\/image\/\",\"url\":\"https:\/\/gitedufiguier.com\/wp-content\/uploads\/2026\/01\/Favicon.png\",\"contentUrl\":\"https:\/\/gitedufiguier.com\/wp-content\/uploads\/2026\/01\/Favicon.png\",\"width\":271,\"height\":270,\"caption\":\"Gite du Figuier\"},\"image\":{\"@id\":\"https:\/\/gitedufiguier.com\/en\/#\/schema\/logo\/image\/\"}}]}<\/script>\n<!-- \/ Yoast SEO plugin. -->","yoast_head_json":{"title":"Legal Notice - Gite du Figuier","robots":{"index":"index","follow":"follow","max-snippet":"max-snippet:-1","max-image-preview":"max-image-preview:large","max-video-preview":"max-video-preview:-1"},"canonical":"https:\/\/gitedufiguier.com\/en\/refund_returns\/","og_locale":"en_GB","og_type":"article","og_title":"Mentions L\u00e9gales - Gite du Figuier","og_description":"Conform\u00e9ment aux dispositions de la loi n\u00b0 2004-575 du 21 juin 2004 pour la confiance en l&rsquo;\u00e9conomie num\u00e9rique, il est pr\u00e9cis\u00e9 aux utilisateurs du site gitedufiguier.com l&rsquo;identit\u00e9 des diff\u00e9rents intervenants dans le cadre de sa r\u00e9alisation et de son suivi. \u00c9diteur du site G\u00eete du FiguierPropri\u00e9taire : Emmanuel ROUVETStatut juridique : Entreprise individuelleSIRET : 501 ...","og_url":"https:\/\/gitedufiguier.com\/en\/refund_returns\/","og_site_name":"Gite du Figuier","article_modified_time":"2026-02-11T12:46:58+00:00","twitter_card":"summary_large_image","twitter_misc":{"Estimated reading time":"4 minutes"},"schema":{"@context":"https:\/\/schema.org","@graph":[{"@type":"WebPage","@id":"https:\/\/gitedufiguier.com\/refund_returns\/","url":"https:\/\/gitedufiguier.com\/refund_returns\/","name":"Legal Notice - Gite du Figuier","isPartOf":{"@id":"https:\/\/gitedufiguier.com\/en\/#website"},"datePublished":"2026-02-11T11:11:59+00:00","dateModified":"2026-02-11T12:46:58+00:00","breadcrumb":{"@id":"https:\/\/gitedufiguier.com\/refund_returns\/#breadcrumb"},"inLanguage":"en-GB","potentialAction":[{"@type":"ReadAction","target":["https:\/\/gitedufiguier.com\/refund_returns\/"]}]},{"@type":"BreadcrumbList","@id":"https:\/\/gitedufiguier.com\/refund_returns\/#breadcrumb","itemListElement":[{"@type":"ListItem","position":1,"name":"Accueil","item":"https:\/\/gitedufiguier.com\/en\/"},{"@type":"ListItem","position":2,"name":"Mentions L\u00e9gales"}]},{"@type":"WebSite","@id":"https:\/\/gitedufiguier.com\/en\/#website","url":"https:\/\/gitedufiguier.com\/en\/","name":"Fig Tree Cottage","description":"","publisher":{"@id":"https:\/\/gitedufiguier.com\/en\/#organization"},"potentialAction":[{"@type":"SearchAction","target":{"@type":"EntryPoint","urlTemplate":"https:\/\/gitedufiguier.com\/en\/?s={search_term_string}"},"query-input":{"@type":"PropertyValueSpecification","valueRequired":true,"valueName":"search_term_string"}}],"inLanguage":"en-GB"},{"@type":"Organization","@id":"https:\/\/gitedufiguier.com\/en\/#organization","name":"Fig Tree Cottage","url":"https:\/\/gitedufiguier.com\/en\/","logo":{"@type":"ImageObject","inLanguage":"en-GB","@id":"https:\/\/gitedufiguier.com\/en\/#\/schema\/logo\/image\/","url":"https:\/\/gitedufiguier.com\/wp-content\/uploads\/2026\/01\/Favicon.png","contentUrl":"https:\/\/gitedufiguier.com\/wp-content\/uploads\/2026\/01\/Favicon.png","width":271,"height":270,"caption":"Gite du Figuier"},"image":{"@id":"https:\/\/gitedufiguier.com\/en\/#\/schema\/logo\/image\/"}}]}},"_links":{"self":[{"href":"https:\/\/gitedufiguier.com\/en\/wp-json\/wp\/v2\/pages\/19","targetHints":{"allow":["GET"]}}],"collection":[{"href":"https:\/\/gitedufiguier.com\/en\/wp-json\/wp\/v2\/pages"}],"about":[{"href":"https:\/\/gitedufiguier.com\/en\/wp-json\/wp\/v2\/types\/page"}],"author":[{"embeddable":true,"href":"https:\/\/gitedufiguier.com\/en\/wp-json\/wp\/v2\/users\/1"}],"replies":[{"embeddable":true,"href":"https:\/\/gitedufiguier.com\/en\/wp-json\/wp\/v2\/comments?post=19"}],"version-history":[{"count":2,"href":"https:\/\/gitedufiguier.com\/en\/wp-json\/wp\/v2\/pages\/19\/revisions"}],"predecessor-version":[{"id":2185,"href":"https:\/\/gitedufiguier.com\/en\/wp-json\/wp\/v2\/pages\/19\/revisions\/2185"}],"wp:attachment":[{"href":"https:\/\/gitedufiguier.com\/en\/wp-json\/wp\/v2\/media?parent=19"}],"curies":[{"name":"wp","href":"https:\/\/api.w.org\/{rel}","templated":true}]}}