{"id":19,"date":"2026-02-11T11:11:59","date_gmt":"2026-02-11T11:11:59","guid":{"rendered":"https:\/\/gitedufiguier.com\/?page_id=19"},"modified":"2026-02-11T12:46:58","modified_gmt":"2026-02-11T12:46:58","slug":"refund_returns","status":"publish","type":"page","link":"https:\/\/gitedufiguier.com\/es\/refund_returns\/","title":{"rendered":"Avisos legales"},"content":{"rendered":"<p>De conformidad con las disposiciones de la Ley n\u00b0 2004-575, de 21 de junio de 2004, relativa a la confianza en la econom\u00eda digital, se informa a los usuarios del sitio <strong>giteduguier.com<\/strong> la identidad de los distintos actores involucrados en su implementaci\u00f3n y seguimiento.<\/p>\n\n\n\n<h2 class=\"wp-block-heading\">Editor del sitio web<\/h2>\n\n\n\n<p><strong>Caba\u00f1a de la higuera<\/strong><br>Propietario: Emmanuel ROUVET<br>Estatus legal: Empresa unipersonal<br>SIRET: 501 367 247 00027<\/p>\n\n\n\n<p><strong>DIRECCI\u00d3N :<\/strong><br>270 rue d&#039;Orl\u00e9ans<br>45570 Ouzouer-sur-Loire<br>Francia<\/p>\n\n\n\n<p><strong>Contacto :<\/strong><br>Correo electr\u00f3nico: <a href=\"mailto:contact@gitedufiguier.com\">contact@gitedufiguier.com<\/a><br>Tel\u00e9fono: 06 33 89 22 59<\/p>\n\n\n\n<p><strong>Director de publicaci\u00f3n:<\/strong><br>Emmanuel ROUVET<\/p>\n\n\n\n<hr class=\"wp-block-separator has-alpha-channel-opacity\"\/>\n\n\n\n<h2 class=\"wp-block-heading\">Alojamiento de sitios web<\/h2>\n\n\n\n<p>El sitio <strong>giteduguier.com<\/strong> est\u00e1 alojado por:<\/p>\n\n\n\n<p><strong>OVH SAS<\/strong><br>2 calle Kellermann<br>59100 Roubaix<br>Francia<br>Tel\u00e9fono: 1007<\/p>\n\n\n\n<p>Sitio web: <a href=\"https:\/\/www.ovh.com\">www.ovh.com<\/a><\/p>\n\n\n\n<hr class=\"wp-block-separator has-alpha-channel-opacity\"\/>\n\n\n\n<h2 class=\"wp-block-heading\">Dise\u00f1o y producci\u00f3n<\/h2>\n\n\n\n<p><strong>Costa Web<\/strong><br>Agencia y desarrollo web<\/p>\n\n\n\n<hr class=\"wp-block-separator has-alpha-channel-opacity\"\/>\n\n\n\n<h2 class=\"wp-block-heading\">Propiedad intelectual<\/h2>\n\n\n\n<p>Todo este sitio web se rige por la legislaci\u00f3n francesa e internacional sobre derechos de autor y propiedad intelectual. Se reservan todos los derechos de reproducci\u00f3n, incluidos los de documentos descargables y representaciones iconogr\u00e1ficas y fotogr\u00e1ficas.<\/p>\n\n\n\n<p>La reproducci\u00f3n total o parcial de este sitio en cualquier soporte electr\u00f3nico o de otro tipo est\u00e1 estrictamente prohibida sin la autorizaci\u00f3n expresa del editor, de conformidad con el art\u00edculo L.122-4 del C\u00f3digo de Propiedad Intelectual.<\/p>\n\n\n\n<p>Las marcas y logotipos que aparecen en este sitio web est\u00e1n registrados y protegidos. Queda prohibida cualquier reproducci\u00f3n, total o parcial, de estas marcas o logotipos, realizada utilizando elementos de este sitio web sin la autorizaci\u00f3n expresa del editor.<\/p>\n\n\n\n<hr class=\"wp-block-separator has-alpha-channel-opacity\"\/>\n\n\n\n<h2 class=\"wp-block-heading\">Protecci\u00f3n de datos personales (RGPD)<\/h2>\n\n\n\n<h3 class=\"wp-block-heading\">Responsable del tratamiento de datos<\/h3>\n\n\n\n<p>Emmanuel ROUVET<br>270 rue d&#039;Orl\u00e9ans<br>45570 Ouzouer-sur-Loire<br>Correo electr\u00f3nico: <a href=\"mailto:contact@gitedufiguier.com\">contact@gitedufiguier.com<\/a><\/p>\n\n\n\n<h3 class=\"wp-block-heading\">Datos recopilados<\/h3>\n\n\n\n<p>Al utilizar el sitio web giteduguier.com se podr\u00e1n recopilar los siguientes datos:<\/p>\n\n\n\n<p><strong>A trav\u00e9s del formulario de contacto:<\/strong><\/p>\n\n\n\n<ul class=\"wp-block-list\">\n<li>Nombre y apellido<\/li>\n\n\n\n<li>Direcci\u00f3n de correo electr\u00f3nico<\/li>\n\n\n\n<li>N\u00famero de tel\u00e9fono<\/li>\n\n\n\n<li>Mensaje<\/li>\n<\/ul>\n\n\n\n<p><strong>Mediante reservas:<\/strong><\/p>\n\n\n\n<ul class=\"wp-block-list\">\n<li>Informaci\u00f3n del contacto<\/li>\n\n\n\n<li>Fechas de estancia<\/li>\n\n\n\n<li>N\u00famero de personas<\/li>\n<\/ul>\n\n\n\n<h3 class=\"wp-block-heading\">Finalidad del tratamiento<\/h3>\n\n\n\n<p>Los datos personales recopilados se utilizan \u00fanicamente para las siguientes finalidades:<\/p>\n\n\n\n<ul class=\"wp-block-list\">\n<li>Respondiendo a sus consultas<\/li>\n\n\n\n<li>Procesando sus reservas<\/li>\n\n\n\n<li>Enviarle informaci\u00f3n relacionada con su estancia<\/li>\n<\/ul>\n\n\n\n<h3 class=\"wp-block-heading\">Duraci\u00f3n<\/h3>\n\n\n\n<p>Sus datos personales se conservan durante el per\u00edodo necesario para lograr las finalidades mencionadas anteriormente, y de acuerdo con las obligaciones legales de retenci\u00f3n.<\/p>\n\n\n\n<h3 class=\"wp-block-heading\">Sus derechos<\/h3>\n\n\n\n<p>De acuerdo con el Reglamento General de Protecci\u00f3n de Datos (RGPD) y la Ley de Protecci\u00f3n de Datos francesa, usted tiene los siguientes derechos:<\/p>\n\n\n\n<ul class=\"wp-block-list\">\n<li>Derecho de acceso a sus datos personales<\/li>\n\n\n\n<li>Derecho de rectificaci\u00f3n de sus datos<\/li>\n\n\n\n<li>Derecho al borrado de sus datos<\/li>\n\n\n\n<li>Derecho a la limitaci\u00f3n del tratamiento<\/li>\n\n\n\n<li>Derecho a la portabilidad de datos<\/li>\n\n\n\n<li>Derecho a oponerse al tratamiento<\/li>\n<\/ul>\n\n\n\n<p>Para ejercer estos derechos, puede contactarnos:<\/p>\n\n\n\n<ul class=\"wp-block-list\">\n<li>Por correo electr\u00f3nico: <a href=\"mailto:contact@gitedufiguier.com\">contact@gitedufiguier.com<\/a><\/li>\n\n\n\n<li>Por correo: Emmanuel ROUVET \u2013 270 rue d&#039;Orl\u00e9ans, 45570 Ouzouer-sur-Loire<\/li>\n<\/ul>\n\n\n\n<p>Tambi\u00e9n tiene derecho a presentar una reclamaci\u00f3n ante la CNIL (Comisi\u00f3n Nacional de Inform\u00e1tica y Libertades): <a href=\"https:\/\/www.cnil.fr\">www.cnil.fr<\/a><\/p>\n\n\n\n<hr class=\"wp-block-separator has-alpha-channel-opacity\"\/>\n\n\n\n<h2 class=\"wp-block-heading\">Galletas<\/h2>\n\n\n\n<p>El sitio web giteduguier.com puede utilizar cookies para mejorar su experiencia de navegaci\u00f3n.<\/p>\n\n\n\n<p><strong>\u00bfQu\u00e9 es una cookie?<\/strong><br>Una cookie es un peque\u00f1o archivo de texto que se coloca en su computadora cuando visita un sitio web.<\/p>\n\n\n\n<p><strong>Cookies utilizadas en este sitio:<\/strong><\/p>\n\n\n\n<ul class=\"wp-block-list\">\n<li>Cookies t\u00e9cnicas necesarias para el correcto funcionamiento del sitio<\/li>\n\n\n\n<li>Cookies de medici\u00f3n de audiencia (si se utiliza Google Analytics u otros)<\/li>\n<\/ul>\n\n\n\n<p><strong>Gesti\u00f3n de cookies:<\/strong><br>Puede desactivar las cookies en cualquier momento a trav\u00e9s de la configuraci\u00f3n de su navegador. Sin embargo, es posible que algunas funciones del sitio web ya no est\u00e9n disponibles.<\/p>\n\n\n\n<hr class=\"wp-block-separator has-alpha-channel-opacity\"\/>\n\n\n\n<h2 class=\"wp-block-heading\">Limitaci\u00f3n de responsabilidad<\/h2>\n\n\n\n<h3 class=\"wp-block-heading\">Contenido del sitio<\/h3>\n\n\n\n<p>El editor se esfuerza por garantizar la exactitud y actualidad de la informaci\u00f3n publicada en este sitio. Sin embargo, no puede garantizar la exactitud, precisi\u00f3n ni integridad de la informaci\u00f3n proporcionada en este sitio.<\/p>\n\n\n\n<p>En consecuencia, el editor declina toda responsabilidad:<\/p>\n\n\n\n<ul class=\"wp-block-list\">\n<li>Por cualquier inexactitud, error u omisi\u00f3n en la informaci\u00f3n disponible en el sitio<\/li>\n\n\n\n<li>Por cualquier da\u00f1o resultante de una intrusi\u00f3n fraudulenta de un tercero que haya provocado una modificaci\u00f3n de la informaci\u00f3n disponible en el sitio.<\/li>\n\n\n\n<li>Y en general, por todos los da\u00f1os, directos o indirectos, cualesquiera que sean sus causas, origen, naturaleza o consecuencias.<\/li>\n<\/ul>\n\n\n\n<h3 class=\"wp-block-heading\">Hiperv\u00ednculos<\/h3>\n\n\n\n<p>El sitio puede contener hiperv\u00ednculos a otros sitios. El editor no tiene control sobre estos sitios ni se responsabiliza de su contenido.<\/p>\n\n\n\n<hr class=\"wp-block-separator has-alpha-channel-opacity\"\/>\n\n\n\n<h2 class=\"wp-block-heading\">Ley aplicable y jurisdicci\u00f3n<\/h2>\n\n\n\n<p>Cualquier controversia relacionada con el uso del sitio web giteduguier.com se regir\u00e1 por la legislaci\u00f3n francesa. La jurisdicci\u00f3n exclusiva corresponde a los tribunales competentes.<\/p>\n\n\n\n<hr class=\"wp-block-separator has-alpha-channel-opacity\"\/>\n\n\n\n<h2 class=\"wp-block-heading\">Contacto<\/h2>\n\n\n\n<p>Para cualquier consulta respecto a estos avisos legales, puede ponerse en contacto con nosotros:<\/p>\n\n\n\n<p><strong>Correo electr\u00f3nico:<\/strong> <a href=\"mailto:contact@gitedufiguier.com\">contact@gitedufiguier.com<\/a><br><strong>Tel\u00e9fono :<\/strong> 06 33 89 22 59<br><strong>DIRECCI\u00d3N :<\/strong> 270 rue d&#039;Orl\u00e9ans, 45570 Ouzouer-sur-Loire<\/p>","protected":false},"excerpt":{"rendered":"<p>Conform\u00e9ment aux dispositions de la loi n\u00b0 2004-575 du 21 juin 2004 pour la confiance en l&rsquo;\u00e9conomie num\u00e9rique, il est pr\u00e9cis\u00e9 aux utilisateurs du site gitedufiguier.com l&rsquo;identit\u00e9 des diff\u00e9rents intervenants dans le cadre de sa r\u00e9alisation et de son suivi. \u00c9diteur du site G\u00eete du FiguierPropri\u00e9taire : Emmanuel ROUVETStatut juridique : Entreprise individuelleSIRET : 501 &#8230;<\/p>","protected":false},"author":1,"featured_media":0,"parent":0,"menu_order":0,"comment_status":"closed","ping_status":"closed","template":"","meta":{"cozystay_single_page_hide_site_header":"","cozystay_single_page_site_header_source":"","cozystay_single_page_custom_site_header":"0","cozystay_single_page_custom_sticky_site_header":"0","cozystay_single_page_hide_page_title":"","cozystay_single_page_header_section_size":"","cozystay_single_page_header_background_color":"","cozystay_single_page_header_background_position_x":"center","cozystay_single_page_header_background_position_y":"center","cozystay_single_page_header_background_size":"cover","cozystay_single_page_header_background_repeat":"off","cozystay_single_page_header_background_scroll":"on","cozystay_single_page_header_text_color":"","cozystay_single_page_header_show_breadcrumb":"","cozystay_single_page_site_footer_hide_main":"","cozystay_single_custom_site_footer_main_source":"","cozystay_single_custom_site_footer_main":"0","cozystay_single_page_site_footer_hide_above":"","cozystay_single_custom_site_footer_above_source":"","cozystay_single_custom_site_footer_above":"0","cozystay_single_page_site_footer_hide_instagram":"","cozystay_single_page_site_footer_hide_bottom":"","cozystay_single_custom_mobile_menu_source":"","cozystay_single_custom_mobile_menu":"0","cozystay_single_custom_mobile_menu_animation":"","cozystay_single_custom_mobile_menu_width":"","cozystay_single_custom_mobile_menu_custom_width":375,"footnotes":""},"class_list":["post-19","page","type-page","status-publish","hentry"],"yoast_head":"<!-- This site is optimized with the Yoast SEO plugin v27.1.1 - https:\/\/yoast.com\/product\/yoast-seo-wordpress\/ -->\n<title>Mentions L\u00e9gales - Gite du Figuier<\/title>\n<meta name=\"robots\" content=\"index, follow, max-snippet:-1, max-image-preview:large, max-video-preview:-1\" \/>\n<link rel=\"canonical\" href=\"https:\/\/gitedufiguier.com\/es\/refund_returns\/\" \/>\n<meta property=\"og:locale\" content=\"es_ES\" \/>\n<meta property=\"og:type\" content=\"article\" \/>\n<meta property=\"og:title\" content=\"Mentions L\u00e9gales - Gite du Figuier\" \/>\n<meta property=\"og:description\" content=\"Conform\u00e9ment aux dispositions de la loi n\u00b0 2004-575 du 21 juin 2004 pour la confiance en l&rsquo;\u00e9conomie num\u00e9rique, il est pr\u00e9cis\u00e9 aux utilisateurs du site gitedufiguier.com l&rsquo;identit\u00e9 des diff\u00e9rents intervenants dans le cadre de sa r\u00e9alisation et de son suivi. \u00c9diteur du site G\u00eete du FiguierPropri\u00e9taire : Emmanuel ROUVETStatut juridique : Entreprise individuelleSIRET : 501 ...\" \/>\n<meta property=\"og:url\" content=\"https:\/\/gitedufiguier.com\/es\/refund_returns\/\" \/>\n<meta property=\"og:site_name\" content=\"Gite du Figuier\" \/>\n<meta property=\"article:modified_time\" content=\"2026-02-11T12:46:58+00:00\" \/>\n<meta name=\"twitter:card\" content=\"summary_large_image\" \/>\n<meta name=\"twitter:label1\" content=\"Tiempo de lectura\" \/>\n\t<meta name=\"twitter:data1\" content=\"4 minutos\" \/>\n<script type=\"application\/ld+json\" class=\"yoast-schema-graph\">{\"@context\":\"https:\/\/schema.org\",\"@graph\":[{\"@type\":\"WebPage\",\"@id\":\"https:\/\/gitedufiguier.com\/refund_returns\/\",\"url\":\"https:\/\/gitedufiguier.com\/refund_returns\/\",\"name\":\"Mentions L\u00e9gales - Gite du Figuier\",\"isPartOf\":{\"@id\":\"https:\/\/gitedufiguier.com\/en\/#website\"},\"datePublished\":\"2026-02-11T11:11:59+00:00\",\"dateModified\":\"2026-02-11T12:46:58+00:00\",\"breadcrumb\":{\"@id\":\"https:\/\/gitedufiguier.com\/refund_returns\/#breadcrumb\"},\"inLanguage\":\"es\",\"potentialAction\":[{\"@type\":\"ReadAction\",\"target\":[\"https:\/\/gitedufiguier.com\/refund_returns\/\"]}]},{\"@type\":\"BreadcrumbList\",\"@id\":\"https:\/\/gitedufiguier.com\/refund_returns\/#breadcrumb\",\"itemListElement\":[{\"@type\":\"ListItem\",\"position\":1,\"name\":\"Accueil\",\"item\":\"https:\/\/gitedufiguier.com\/en\/\"},{\"@type\":\"ListItem\",\"position\":2,\"name\":\"Mentions L\u00e9gales\"}]},{\"@type\":\"WebSite\",\"@id\":\"https:\/\/gitedufiguier.com\/en\/#website\",\"url\":\"https:\/\/gitedufiguier.com\/en\/\",\"name\":\"Gite du Figuier\",\"description\":\"\",\"publisher\":{\"@id\":\"https:\/\/gitedufiguier.com\/en\/#organization\"},\"potentialAction\":[{\"@type\":\"SearchAction\",\"target\":{\"@type\":\"EntryPoint\",\"urlTemplate\":\"https:\/\/gitedufiguier.com\/en\/?s={search_term_string}\"},\"query-input\":{\"@type\":\"PropertyValueSpecification\",\"valueRequired\":true,\"valueName\":\"search_term_string\"}}],\"inLanguage\":\"es\"},{\"@type\":\"Organization\",\"@id\":\"https:\/\/gitedufiguier.com\/en\/#organization\",\"name\":\"Gite du Figuier\",\"url\":\"https:\/\/gitedufiguier.com\/en\/\",\"logo\":{\"@type\":\"ImageObject\",\"inLanguage\":\"es\",\"@id\":\"https:\/\/gitedufiguier.com\/en\/#\/schema\/logo\/image\/\",\"url\":\"https:\/\/gitedufiguier.com\/wp-content\/uploads\/2026\/01\/Favicon.png\",\"contentUrl\":\"https:\/\/gitedufiguier.com\/wp-content\/uploads\/2026\/01\/Favicon.png\",\"width\":271,\"height\":270,\"caption\":\"Gite du Figuier\"},\"image\":{\"@id\":\"https:\/\/gitedufiguier.com\/en\/#\/schema\/logo\/image\/\"}}]}<\/script>\n<!-- \/ Yoast SEO plugin. -->","yoast_head_json":{"title":"Aviso legal - G\u00eete du Figuier","robots":{"index":"index","follow":"follow","max-snippet":"max-snippet:-1","max-image-preview":"max-image-preview:large","max-video-preview":"max-video-preview:-1"},"canonical":"https:\/\/gitedufiguier.com\/es\/refund_returns\/","og_locale":"es_ES","og_type":"article","og_title":"Mentions L\u00e9gales - Gite du Figuier","og_description":"Conform\u00e9ment aux dispositions de la loi n\u00b0 2004-575 du 21 juin 2004 pour la confiance en l&rsquo;\u00e9conomie num\u00e9rique, il est pr\u00e9cis\u00e9 aux utilisateurs du site gitedufiguier.com l&rsquo;identit\u00e9 des diff\u00e9rents intervenants dans le cadre de sa r\u00e9alisation et de son suivi. \u00c9diteur du site G\u00eete du FiguierPropri\u00e9taire : Emmanuel ROUVETStatut juridique : Entreprise individuelleSIRET : 501 ...","og_url":"https:\/\/gitedufiguier.com\/es\/refund_returns\/","og_site_name":"Gite du Figuier","article_modified_time":"2026-02-11T12:46:58+00:00","twitter_card":"summary_large_image","twitter_misc":{"Tiempo de lectura":"4 minutos"},"schema":{"@context":"https:\/\/schema.org","@graph":[{"@type":"WebPage","@id":"https:\/\/gitedufiguier.com\/refund_returns\/","url":"https:\/\/gitedufiguier.com\/refund_returns\/","name":"Aviso legal - G\u00eete du Figuier","isPartOf":{"@id":"https:\/\/gitedufiguier.com\/en\/#website"},"datePublished":"2026-02-11T11:11:59+00:00","dateModified":"2026-02-11T12:46:58+00:00","breadcrumb":{"@id":"https:\/\/gitedufiguier.com\/refund_returns\/#breadcrumb"},"inLanguage":"es","potentialAction":[{"@type":"ReadAction","target":["https:\/\/gitedufiguier.com\/refund_returns\/"]}]},{"@type":"BreadcrumbList","@id":"https:\/\/gitedufiguier.com\/refund_returns\/#breadcrumb","itemListElement":[{"@type":"ListItem","position":1,"name":"Accueil","item":"https:\/\/gitedufiguier.com\/en\/"},{"@type":"ListItem","position":2,"name":"Mentions L\u00e9gales"}]},{"@type":"WebSite","@id":"https:\/\/gitedufiguier.com\/en\/#website","url":"https:\/\/gitedufiguier.com\/en\/","name":"Caba\u00f1a de la higuera","description":"","publisher":{"@id":"https:\/\/gitedufiguier.com\/en\/#organization"},"potentialAction":[{"@type":"SearchAction","target":{"@type":"EntryPoint","urlTemplate":"https:\/\/gitedufiguier.com\/en\/?s={search_term_string}"},"query-input":{"@type":"PropertyValueSpecification","valueRequired":true,"valueName":"search_term_string"}}],"inLanguage":"es"},{"@type":"Organization","@id":"https:\/\/gitedufiguier.com\/en\/#organization","name":"Caba\u00f1a de la higuera","url":"https:\/\/gitedufiguier.com\/en\/","logo":{"@type":"ImageObject","inLanguage":"es","@id":"https:\/\/gitedufiguier.com\/en\/#\/schema\/logo\/image\/","url":"https:\/\/gitedufiguier.com\/wp-content\/uploads\/2026\/01\/Favicon.png","contentUrl":"https:\/\/gitedufiguier.com\/wp-content\/uploads\/2026\/01\/Favicon.png","width":271,"height":270,"caption":"Gite du Figuier"},"image":{"@id":"https:\/\/gitedufiguier.com\/en\/#\/schema\/logo\/image\/"}}]}},"_links":{"self":[{"href":"https:\/\/gitedufiguier.com\/es\/wp-json\/wp\/v2\/pages\/19","targetHints":{"allow":["GET"]}}],"collection":[{"href":"https:\/\/gitedufiguier.com\/es\/wp-json\/wp\/v2\/pages"}],"about":[{"href":"https:\/\/gitedufiguier.com\/es\/wp-json\/wp\/v2\/types\/page"}],"author":[{"embeddable":true,"href":"https:\/\/gitedufiguier.com\/es\/wp-json\/wp\/v2\/users\/1"}],"replies":[{"embeddable":true,"href":"https:\/\/gitedufiguier.com\/es\/wp-json\/wp\/v2\/comments?post=19"}],"version-history":[{"count":2,"href":"https:\/\/gitedufiguier.com\/es\/wp-json\/wp\/v2\/pages\/19\/revisions"}],"predecessor-version":[{"id":2185,"href":"https:\/\/gitedufiguier.com\/es\/wp-json\/wp\/v2\/pages\/19\/revisions\/2185"}],"wp:attachment":[{"href":"https:\/\/gitedufiguier.com\/es\/wp-json\/wp\/v2\/media?parent=19"}],"curies":[{"name":"wp","href":"https:\/\/api.w.org\/{rel}","templated":true}]}}