{"id":2186,"date":"2026-02-11T13:03:55","date_gmt":"2026-02-11T13:03:55","guid":{"rendered":"https:\/\/gitedufiguier.com\/?page_id=2186"},"modified":"2026-02-11T13:04:38","modified_gmt":"2026-02-11T13:04:38","slug":"conditions-generales-de-location","status":"publish","type":"page","link":"https:\/\/gitedufiguier.com\/es\/conditions-generales-de-location\/","title":{"rendered":"Condiciones generales de alquiler"},"content":{"rendered":"<p>Bienvenido a G\u00eete du Figuier. Estas condiciones generales de alquiler se aplican a todas las reservas realizadas en nuestra p\u00e1gina web o por tel\u00e9fono. Le invitamos a leerlas detenidamente antes de realizar cualquier reserva. Al confirmar su reserva, acepta estas condiciones sin reservas.<\/p>\n\n\n\n<p>Para cualquier pregunta, no dude en contactarnos en <strong>06 33 89 22 59<\/strong> o por correo electr\u00f3nico a <strong><a href=\"mailto:contact@gitedufiguier.com\">contact@gitedufiguier.com<\/a><\/strong>.<\/p>\n\n\n\n<hr class=\"wp-block-separator has-alpha-channel-opacity\"\/>\n\n\n\n<h3 class=\"wp-block-heading\"><strong>Art\u00edculo 1 \u2013 Finalidad<\/strong><\/h3>\n\n\n\n<p>Este contrato se reserva exclusivamente para el alquiler de la G\u00eete du Figuier como alojamiento temporal o vacacional. Se aplica exclusivamente la legislaci\u00f3n francesa.<\/p>\n\n\n\n<p>Queda terminantemente prohibida cualquier actividad profesional de cualquier tipo en el local arrendado, cuyo per\u00edodo m\u00e1ximo de alquiler no podr\u00e1 exceder de 3 meses consecutivos.<\/p>\n\n\n\n<hr class=\"wp-block-separator has-alpha-channel-opacity\"\/>\n\n\n\n<h3 class=\"wp-block-heading\"><strong>Art\u00edculo 2 \u2013 Disposiciones generales<\/strong><\/h3>\n\n\n\n<p>El propietario se compromete a no revelar a ning\u00fan tercero ninguna informaci\u00f3n de ning\u00fan tipo, en ning\u00fan soporte, que el inquilino le haya proporcionado en el curso de la ejecuci\u00f3n del presente contrato.<\/p>\n\n\n\n<p>Sin embargo, estas disposiciones no se aplican a las solicitudes de informaci\u00f3n realizadas por organismos gubernamentales y\/o tribunales.<\/p>\n\n\n\n<hr class=\"wp-block-separator has-alpha-channel-opacity\"\/>\n\n\n\n<h3 class=\"wp-block-heading\"><strong>Art\u00edculo 3 \u2013 Reserva y pago<\/strong><\/h3>\n\n\n\n<h4 class=\"wp-block-heading\"><strong>3.1 Confirmaci\u00f3n de la reserva<\/strong><\/h4>\n\n\n\n<p>La reserva se har\u00e1 efectiva al recibir el pago completo de la estancia a trav\u00e9s de nuestro sistema de pago seguro en l\u00ednea.<\/p>\n\n\n\n<p>Se podr\u00e1 ofrecer el pago a plazos seg\u00fan las condiciones expuestas en el momento de la reserva.<\/p>\n\n\n\n<p>Recibir\u00e1 una confirmaci\u00f3n de reserva por correo electr\u00f3nico, junto con un resumen detallado de su estancia.<\/p>\n\n\n\n<h4 class=\"wp-block-heading\"><strong>3.2 Pago de la estancia<\/strong><\/h4>\n\n\n\n<p>El importe total del alquiler (incluida la limpieza y todos los cargos) debe pagarse en su totalidad al momento de la reserva.<\/p>\n\n\n\n<p><strong>M\u00e9todos de pago en l\u00ednea aceptados:<\/strong><\/p>\n\n\n\n<ul class=\"wp-block-list\">\n<li>Tarjeta de cr\u00e9dito (pago seguro)<\/li>\n\n\n\n<li>Transferencia bancaria<\/li>\n\n\n\n<li>Pago en cuotas (sujeto a disponibilidad)<\/li>\n<\/ul>\n\n\n\n<p>Los servicios extras opcionales (ropa de casa, servicios adicionales) se pueden pagar en el establecimiento.<\/p>\n\n\n\n<hr class=\"wp-block-separator has-alpha-channel-opacity\"\/>\n\n\n\n<h3 class=\"wp-block-heading\"><strong>Art\u00edculo 4 \u2013 Dep\u00f3sito de garant\u00eda<\/strong><\/h3>\n\n\n\n<p>Un dep\u00f3sito de seguridad por la cantidad de <strong>800 euros<\/strong> Se le preguntar\u00e1 el d\u00eda de su llegada.<\/p>\n\n\n\n<p><strong>M\u00e9todos de pago:<\/strong><\/p>\n\n\n\n<ul class=\"wp-block-list\">\n<li>Mediante cheque (no cobrado) a nombre de Emmanuel ROUVET<\/li>\n\n\n\n<li>En efectivo<\/li>\n<\/ul>\n\n\n\n<p>Este dep\u00f3sito de seguridad ser\u00e1 devuelto en un plazo de <strong>10 d\u00edas<\/strong> despu\u00e9s de su salida, previa deducci\u00f3n de los da\u00f1os constatados durante el inventario de salida.<\/p>\n\n\n\n<p>El monto de las deducciones ser\u00e1 debidamente justificado por el propietario con base en el inventario, cotizaciones o facturas.<\/p>\n\n\n\n<p><strong>En caso de robo comprobado<\/strong> (presentando reclamaci\u00f3n), esta garant\u00eda ser\u00e1 adquirida \u00edntegramente por el propietario.<\/p>\n\n\n\n<p>Este dep\u00f3sito no podr\u00e1 en ning\u00fan caso considerarse como contribuci\u00f3n al pago del alquiler.<\/p>\n\n\n\n<hr class=\"wp-block-separator has-alpha-channel-opacity\"\/>\n\n\n\n<h3 class=\"wp-block-heading\"><strong>Art\u00edculo 5 \u2013 Duraci\u00f3n de la estancia<\/strong><\/h3>\n\n\n\n<h4 class=\"wp-block-heading\"><strong>5.1 Horarios de llegada y salida<\/strong><\/h4>\n\n\n\n<p><strong>Llegada :<\/strong> A partir de las 4:00 p.m.<br><strong>Partida :<\/strong> Antes de las 11:00<\/p>\n\n\n\n<p>Si es necesario se podr\u00e1n acordar horarios diferentes entre ambas partes.<\/p>\n\n\n\n<h4 class=\"wp-block-heading\"><strong>5.2 Cumplimiento de la duraci\u00f3n contractual<\/strong><\/h4>\n\n\n\n<p>El inquilino deber\u00e1 desalojar el local en el momento convenido, una vez realizado un inventario conjunto de las instalaciones.<\/p>\n\n\n\n<p>El arrendatario no podr\u00e1 en ning\u00fan caso reclamar derecho alguno a permanecer en el inmueble una vez finalizado el per\u00edodo de alquiler, salvo previo acuerdo por escrito del propietario.<\/p>\n\n\n\n<hr class=\"wp-block-separator has-alpha-channel-opacity\"\/>\n\n\n\n<h3 class=\"wp-block-heading\"><strong>Art\u00edculo 6 \u2013 Utilizaci\u00f3n del local<\/strong><\/h3>\n\n\n\n<h4 class=\"wp-block-heading\"><strong>6.1 Obligaciones del Propietario<\/strong><\/h4>\n\n\n\n<p>El propietario proporcionar\u00e1 el alojamiento de acuerdo con la descripci\u00f3n presentada en el sitio web y lo mantendr\u00e1 en condiciones de uso durante la duraci\u00f3n de la estancia.<\/p>\n\n\n\n<h4 class=\"wp-block-heading\"><strong>6.2 Obligaciones del inquilino<\/strong><\/h4>\n\n\n\n<p>El inquilino se compromete a:<\/p>\n\n\n\n<ul class=\"wp-block-list\">\n<li>Disfrute del alquiler con tranquilidad y haga buen uso del mismo.<\/li>\n\n\n\n<li>Respete a los vecinos y mantenga el nivel de ruido razonable.<\/li>\n\n\n\n<li>Deje las instalaciones tan limpias como cuando lleg\u00f3.<\/li>\n\n\n\n<li>Informe inmediatamente cualquier mal funcionamiento o degradaci\u00f3n.<\/li>\n<\/ul>\n\n\n\n<p><strong>Cualquier reparaci\u00f3n<\/strong>, Cualquiera que sea su importancia, cualquier coste que se haga necesario por negligencia del inquilino ser\u00e1 asumido por \u00e9ste.<\/p>\n\n\n\n<h4 class=\"wp-block-heading\"><strong>6.3 Prohibiciones<\/strong><\/h4>\n\n\n\n<p><strong>El alquiler no puede beneficiar a un tercero<\/strong> Sin el consentimiento previo por escrito del propietario. Queda estrictamente prohibido el subarrendamiento, incluso gratuito, bajo pena de rescisi\u00f3n inmediata del contrato.<\/p>\n\n\n\n<p><strong>Montando tiendas de campa\u00f1a<\/strong> o se proh\u00edbe el estacionamiento de caravanas en la propiedad, salvo previo acuerdo del propietario.<\/p>\n\n\n\n<p><strong>Est\u00e1 estrictamente prohibido encender fuego en la chimenea.<\/strong> En caso de incendio provocado por este \u00faltimo, el propietario se reserva el derecho de presentar una reclamaci\u00f3n y solicitar al seguro del inquilino el reembolso de los da\u00f1os causados.<\/p>\n\n\n\n<h4 class=\"wp-block-heading\"><strong>6.4 Capacidad de alojamiento<\/strong><\/h4>\n\n\n\n<p>El n\u00famero de inquilinos no puede exceder el <strong>Capacidad m\u00e1xima de 20 personas<\/strong> indicado en su reserva.<\/p>\n\n\n\n<p>Como excepci\u00f3n y previo acuerdo del propietario, se podr\u00e1 prescindir de esta regla mediante un aumento de precio comunicado al inquilino.<\/p>\n\n\n\n<hr class=\"wp-block-separator has-alpha-channel-opacity\"\/>\n\n\n\n<h3 class=\"wp-block-heading\"><strong>Art\u00edculo 7 \u2013 Recepci\u00f3n de animales<\/strong><\/h3>\n\n\n\n<p>Se admiten mascotas bajo ciertas condiciones:<\/p>\n\n\n\n<ul class=\"wp-block-list\">\n<li>El animal deber\u00e1 hacer sus necesidades fuera de la propiedad.<\/li>\n\n\n\n<li>El pelo de las mascotas debe aspirarse antes de la salida.<\/li>\n\n\n\n<li>El inquilino es responsable de cualquier da\u00f1o causado por su mascota.<\/li>\n<\/ul>\n\n\n\n<p>El propietario se reserva el derecho de rechazar ciertos animales. Si viaja con mascota, cont\u00e1ctenos antes de reservar.<\/p>\n\n\n\n<hr class=\"wp-block-separator has-alpha-channel-opacity\"\/>\n\n\n\n<h3 class=\"wp-block-heading\"><strong>Art\u00edculo 8 \u2013 Informe de estado e inventario<\/strong><\/h3>\n\n\n\n<h4 class=\"wp-block-heading\"><strong>8.1 Inventario de entrada<\/strong><\/h4>\n\n\n\n<p>Se realizar\u00e1 un inventario conjunto del mobiliario en presencia del inquilino o su representante a su llegada.<\/p>\n\n\n\n<p>Si es imposible realizar el inventario a la llegada, el inquilino tiene derecho a <strong>24 horas<\/strong> Revisar el inventario y reportar cualquier anomal\u00eda al propietario.<\/p>\n\n\n\n<p>Despu\u00e9s de este per\u00edodo, la propiedad arrendada se considerar\u00e1 libre de da\u00f1os al momento de la entrada del inquilino.<\/p>\n\n\n\n<h4 class=\"wp-block-heading\"><strong>8.2 Inventario de salida<\/strong><\/h4>\n\n\n\n<p>Ser\u00e1 necesario elaborar un inventario de salida conjunto en presencia del propietario o su agente y del inquilino.<\/p>\n\n\n\n<p>Si se encuentran da\u00f1os o deficiencias, el propietario informar\u00e1 al inquilino dentro de los ocho d\u00edas y realizar\u00e1 las deducciones necesarias del dep\u00f3sito de seguridad.<\/p>\n\n\n\n<hr class=\"wp-block-separator has-alpha-channel-opacity\"\/>\n\n\n\n<h3 class=\"wp-block-heading\"><strong>Art\u00edculo 9 \u2013 Condiciones de cancelaci\u00f3n<\/strong><\/h3>\n\n\n\n<h4 class=\"wp-block-heading\"><strong>9.1 Cancelaci\u00f3n por parte del inquilino<\/strong><\/h4>\n\n\n\n<p><strong>M\u00e1s de 30 d\u00edas antes de la llegada:<\/strong><br>Devoluci\u00f3n total del importe pagado, menos 50\u20ac de gastos de gesti\u00f3n.<\/p>\n\n\n\n<p><strong>Entre 30 y 15 d\u00edas antes de la llegada:<\/strong><br>Reembolso del 50% del importe total pagado.<\/p>\n\n\n\n<p><strong>Menos de 15 d\u00edas antes de la llegada:<\/strong><br>No se realizar\u00e1 ning\u00fan reembolso. El importe total permanecer\u00e1 en poder del propietario.<\/p>\n\n\n\n<p><strong>En caso de no presentarse<\/strong> Dentro de las 24 horas previas a la fecha de llegada prevista, el contrato se cancelar\u00e1 y el propietario podr\u00e1 poner la propiedad en alquiler a disposici\u00f3n de otros hu\u00e9spedes. No se realizar\u00e1 ning\u00fan reembolso.<\/p>\n\n\n\n<h4 class=\"wp-block-heading\"><strong>9.2 Cancelaci\u00f3n por parte del propietario<\/strong><\/h4>\n\n\n\n<p>En caso de cancelaci\u00f3n por parte del propietario, \u00e9ste deber\u00e1 reembolsar al inquilino todas las sumas pagadas.<\/p>\n\n\n\n<p>El inquilino puede reclamar da\u00f1os y perjuicios por el da\u00f1o moral y patrimonial sufrido.<\/p>\n\n\n\n<h4 class=\"wp-block-heading\"><strong>9.3 Terminaci\u00f3n durante la vigencia del contrato<\/strong><\/h4>\n\n\n\n<p>Cuando la rescisi\u00f3n se produce durante el per\u00edodo de alquiler por una causa justificada (falta de pago, deterioro del local, quejas de los vecinos, incumplimiento de la normativa), puede producirse de inmediato.<\/p>\n\n\n\n<p>En este caso, el importe total del alquiler queda a cargo del propietario, quien se reserva el derecho de quedarse con el dep\u00f3sito de garant\u00eda.<\/p>\n\n\n\n<hr class=\"wp-block-separator has-alpha-channel-opacity\"\/>\n\n\n\n<h3 class=\"wp-block-heading\"><strong>Art\u00edculo 10 \u2013 Interrupci\u00f3n de la estancia<\/strong><\/h3>\n\n\n\n<p>En caso de finalizaci\u00f3n anticipada de la estancia por parte del inquilino sin responsabilidad del propietario, no se emitir\u00e1 devoluci\u00f3n alguna, excepto el dep\u00f3sito de seguridad.<\/p>\n\n\n\n<p>Si el arrendatario aporta pruebas de motivos graves que presenten caracter\u00edsticas de <strong>fuerza mayor<\/strong> (acontecimientos imprevisibles, irresistibles y externos al inquilino) que hagan imposible la ejecuci\u00f3n del alquiler, el contrato se resuelve autom\u00e1ticamente.<\/p>\n\n\n\n<p>El importe del alquiler ya pagado se reembolsar\u00e1 proporcionalmente al per\u00edodo de ocupaci\u00f3n restante.<\/p>\n\n\n\n<hr class=\"wp-block-separator has-alpha-channel-opacity\"\/>\n\n\n\n<h3 class=\"wp-block-heading\"><strong>Art\u00edculo 11 \u2013 Seguro<\/strong><\/h3>\n\n\n\n<h4 class=\"wp-block-heading\"><strong>11.1 Obligaci\u00f3n de seguro<\/strong><\/h4>\n\n\n\n<p>El inquilino est\u00e1 obligado a asegurar el local alquilado contra riesgos de alquiler (incendio, da\u00f1os por agua, robo, etc.).<\/p>\n\n\n\n<p>Necesita comprobar si su p\u00f3liza de seguro de residencia principal incluye esta cobertura.\u2019<strong>ampliaci\u00f3n del complejo tur\u00edstico<\/strong> (alquiler vacacional).<\/p>\n\n\n\n<p>En caso contrario, deber\u00e1 suscribir un contrato espec\u00edfico bajo la cl\u00e1usula &quot;vacaciones&quot;.<\/p>\n\n\n\n<h4 class=\"wp-block-heading\"><strong>11.2 Certificado de seguro<\/strong><\/h4>\n\n\n\n<p>A <strong>certificado de seguro de responsabilidad civil<\/strong> Con pr\u00f3rroga de vacaciones se podr\u00e1 solicitar al ingresar al recinto.<\/p>\n\n\n\n<p>El inquilino sigue siendo responsable de cualquier da\u00f1o causado a la propiedad del propietario o a terceros durante el per\u00edodo de alquiler.<\/p>\n\n\n\n<hr class=\"wp-block-separator has-alpha-channel-opacity\"\/>\n\n\n\n<h3 class=\"wp-block-heading\"><strong>Art\u00edculo 12 \u2013 Protecci\u00f3n de datos personales (RGPD)<\/strong><\/h3>\n\n\n\n<p>De acuerdo con el Reglamento General de Protecci\u00f3n de Datos (RGPD), la informaci\u00f3n recopilada durante su reserva est\u00e1 destinada exclusivamente a la gesti\u00f3n de su estancia.<\/p>\n\n\n\n<p><strong>Datos recopilados:<\/strong> Nombre, apellidos, direcci\u00f3n, correo electr\u00f3nico, tel\u00e9fono, fechas de estancia.<\/p>\n\n\n\n<p><strong>Duraci\u00f3n:<\/strong> 3 a\u00f1os desde la finalizaci\u00f3n de la estancia para obligaciones contables y fiscales.<\/p>\n\n\n\n<p><strong>Sus derechos:<\/strong> Tiene derecho a acceder, rectificar, oponerse y eliminar sus datos personales. Para ejercer estos derechos, p\u00f3ngase en contacto con nosotros en <strong><a href=\"mailto:contact@gitedufiguier.com\">contact@gitedufiguier.com<\/a><\/strong>.<\/p>\n\n\n\n<hr class=\"wp-block-separator has-alpha-channel-opacity\"\/>\n\n\n\n<h3 class=\"wp-block-heading\"><strong>Art\u00edculo 13 \u2013 Controversias<\/strong><\/h3>\n\n\n\n<p>En caso de controversia, las partes acuerdan buscar una soluci\u00f3n amistosa antes de cualquier acci\u00f3n legal.<\/p>\n\n\n\n<p>En su defecto, los tribunales franceses ser\u00e1n los \u00fanicos competentes y la ley francesa ser\u00e1 la \u00fanica ley aplicable.<\/p>\n\n\n\n<hr class=\"wp-block-separator has-alpha-channel-opacity\"\/>\n\n\n\n<h3 class=\"wp-block-heading\"><strong>Contacto<\/strong><\/h3>\n\n\n\n<p><strong>Caba\u00f1a de la higuera<\/strong><br>Emmanuel y Sylvie ROUVET<br>270 rue d&#039;Orl\u00e9ans<br>45570 Ouzouer-sur-Loire<\/p>\n\n\n\n<p><strong>06 33 89 22 59<\/strong> \/ 06 42 79 05 55<br><strong><a href=\"mailto:contact@gitedufiguier.com\">contact@gitedufiguier.com<\/a><\/strong><\/p>","protected":false},"excerpt":{"rendered":"<p>Bienvenue au G\u00eete du Figuier. Les pr\u00e9sentes conditions g\u00e9n\u00e9rales de location s&rsquo;appliquent \u00e0 toute r\u00e9servation effectu\u00e9e sur notre site ou par t\u00e9l\u00e9phone. Nous vous invitons \u00e0 les lire attentivement avant toute r\u00e9servation. En confirmant votre r\u00e9servation, vous acceptez sans r\u00e9serve les pr\u00e9sentes conditions. Pour toute question, n&rsquo;h\u00e9sitez pas \u00e0 nous contacter au 06 33 89 &#8230;<\/p>","protected":false},"author":1,"featured_media":0,"parent":0,"menu_order":0,"comment_status":"closed","ping_status":"closed","template":"","meta":{"cozystay_single_page_hide_site_header":"","cozystay_single_page_site_header_source":"","cozystay_single_page_custom_site_header":"0","cozystay_single_page_custom_sticky_site_header":"0","cozystay_single_page_hide_page_title":"","cozystay_single_page_header_section_size":"","cozystay_single_page_header_background_color":"","cozystay_single_page_header_background_position_x":"center","cozystay_single_page_header_background_position_y":"center","cozystay_single_page_header_background_size":"cover","cozystay_single_page_header_background_repeat":"off","cozystay_single_page_header_background_scroll":"on","cozystay_single_page_header_text_color":"","cozystay_single_page_header_show_breadcrumb":"","cozystay_single_page_site_footer_hide_main":"","cozystay_single_custom_site_footer_main_source":"","cozystay_single_custom_site_footer_main":"0","cozystay_single_page_site_footer_hide_above":"","cozystay_single_custom_site_footer_above_source":"","cozystay_single_custom_site_footer_above":"0","cozystay_single_page_site_footer_hide_instagram":"","cozystay_single_page_site_footer_hide_bottom":"","cozystay_single_custom_mobile_menu_source":"","cozystay_single_custom_mobile_menu":"0","cozystay_single_custom_mobile_menu_animation":"","cozystay_single_custom_mobile_menu_width":"","cozystay_single_custom_mobile_menu_custom_width":375,"footnotes":""},"class_list":["post-2186","page","type-page","status-publish","hentry"],"yoast_head":"<!-- This site is optimized with the Yoast SEO plugin v27.1.1 - https:\/\/yoast.com\/product\/yoast-seo-wordpress\/ -->\n<title>Conditions g\u00e9n\u00e9rales de location - Gite du Figuier<\/title>\n<meta name=\"robots\" content=\"index, follow, max-snippet:-1, max-image-preview:large, max-video-preview:-1\" \/>\n<link rel=\"canonical\" href=\"https:\/\/gitedufiguier.com\/es\/conditions-generales-de-location\/\" \/>\n<meta property=\"og:locale\" content=\"es_ES\" \/>\n<meta property=\"og:type\" content=\"article\" \/>\n<meta property=\"og:title\" content=\"Conditions g\u00e9n\u00e9rales de location - Gite du Figuier\" \/>\n<meta property=\"og:description\" content=\"Bienvenue au G\u00eete du Figuier. Les pr\u00e9sentes conditions g\u00e9n\u00e9rales de location s&rsquo;appliquent \u00e0 toute r\u00e9servation effectu\u00e9e sur notre site ou par t\u00e9l\u00e9phone. Nous vous invitons \u00e0 les lire attentivement avant toute r\u00e9servation. En confirmant votre r\u00e9servation, vous acceptez sans r\u00e9serve les pr\u00e9sentes conditions. Pour toute question, n&rsquo;h\u00e9sitez pas \u00e0 nous contacter au 06 33 89 ...\" \/>\n<meta property=\"og:url\" content=\"https:\/\/gitedufiguier.com\/es\/conditions-generales-de-location\/\" \/>\n<meta property=\"og:site_name\" content=\"Gite du Figuier\" \/>\n<meta property=\"article:modified_time\" content=\"2026-02-11T13:04:38+00:00\" \/>\n<meta name=\"twitter:card\" content=\"summary_large_image\" \/>\n<meta name=\"twitter:label1\" content=\"Tiempo de lectura\" \/>\n\t<meta name=\"twitter:data1\" content=\"8 minutos\" \/>\n<script type=\"application\/ld+json\" class=\"yoast-schema-graph\">{\"@context\":\"https:\/\/schema.org\",\"@graph\":[{\"@type\":\"WebPage\",\"@id\":\"https:\/\/gitedufiguier.com\/conditions-generales-de-location\/\",\"url\":\"https:\/\/gitedufiguier.com\/conditions-generales-de-location\/\",\"name\":\"Conditions g\u00e9n\u00e9rales de location - Gite du Figuier\",\"isPartOf\":{\"@id\":\"https:\/\/gitedufiguier.com\/en\/#website\"},\"datePublished\":\"2026-02-11T13:03:55+00:00\",\"dateModified\":\"2026-02-11T13:04:38+00:00\",\"breadcrumb\":{\"@id\":\"https:\/\/gitedufiguier.com\/conditions-generales-de-location\/#breadcrumb\"},\"inLanguage\":\"es\",\"potentialAction\":[{\"@type\":\"ReadAction\",\"target\":[\"https:\/\/gitedufiguier.com\/conditions-generales-de-location\/\"]}]},{\"@type\":\"BreadcrumbList\",\"@id\":\"https:\/\/gitedufiguier.com\/conditions-generales-de-location\/#breadcrumb\",\"itemListElement\":[{\"@type\":\"ListItem\",\"position\":1,\"name\":\"Accueil\",\"item\":\"https:\/\/gitedufiguier.com\/en\/\"},{\"@type\":\"ListItem\",\"position\":2,\"name\":\"Conditions g\u00e9n\u00e9rales de location\"}]},{\"@type\":\"WebSite\",\"@id\":\"https:\/\/gitedufiguier.com\/en\/#website\",\"url\":\"https:\/\/gitedufiguier.com\/en\/\",\"name\":\"Gite du Figuier\",\"description\":\"\",\"publisher\":{\"@id\":\"https:\/\/gitedufiguier.com\/en\/#organization\"},\"potentialAction\":[{\"@type\":\"SearchAction\",\"target\":{\"@type\":\"EntryPoint\",\"urlTemplate\":\"https:\/\/gitedufiguier.com\/en\/?s={search_term_string}\"},\"query-input\":{\"@type\":\"PropertyValueSpecification\",\"valueRequired\":true,\"valueName\":\"search_term_string\"}}],\"inLanguage\":\"es\"},{\"@type\":\"Organization\",\"@id\":\"https:\/\/gitedufiguier.com\/en\/#organization\",\"name\":\"Gite du Figuier\",\"url\":\"https:\/\/gitedufiguier.com\/en\/\",\"logo\":{\"@type\":\"ImageObject\",\"inLanguage\":\"es\",\"@id\":\"https:\/\/gitedufiguier.com\/en\/#\/schema\/logo\/image\/\",\"url\":\"https:\/\/gitedufiguier.com\/wp-content\/uploads\/2026\/01\/Favicon.png\",\"contentUrl\":\"https:\/\/gitedufiguier.com\/wp-content\/uploads\/2026\/01\/Favicon.png\",\"width\":271,\"height\":270,\"caption\":\"Gite du Figuier\"},\"image\":{\"@id\":\"https:\/\/gitedufiguier.com\/en\/#\/schema\/logo\/image\/\"}}]}<\/script>\n<!-- \/ Yoast SEO plugin. -->","yoast_head_json":{"title":"Condiciones generales de alquiler - Gite du Figuier","robots":{"index":"index","follow":"follow","max-snippet":"max-snippet:-1","max-image-preview":"max-image-preview:large","max-video-preview":"max-video-preview:-1"},"canonical":"https:\/\/gitedufiguier.com\/es\/conditions-generales-de-location\/","og_locale":"es_ES","og_type":"article","og_title":"Conditions g\u00e9n\u00e9rales de location - Gite du Figuier","og_description":"Bienvenue au G\u00eete du Figuier. Les pr\u00e9sentes conditions g\u00e9n\u00e9rales de location s&rsquo;appliquent \u00e0 toute r\u00e9servation effectu\u00e9e sur notre site ou par t\u00e9l\u00e9phone. Nous vous invitons \u00e0 les lire attentivement avant toute r\u00e9servation. En confirmant votre r\u00e9servation, vous acceptez sans r\u00e9serve les pr\u00e9sentes conditions. Pour toute question, n&rsquo;h\u00e9sitez pas \u00e0 nous contacter au 06 33 89 ...","og_url":"https:\/\/gitedufiguier.com\/es\/conditions-generales-de-location\/","og_site_name":"Gite du Figuier","article_modified_time":"2026-02-11T13:04:38+00:00","twitter_card":"summary_large_image","twitter_misc":{"Tiempo de lectura":"8 minutos"},"schema":{"@context":"https:\/\/schema.org","@graph":[{"@type":"WebPage","@id":"https:\/\/gitedufiguier.com\/conditions-generales-de-location\/","url":"https:\/\/gitedufiguier.com\/conditions-generales-de-location\/","name":"Condiciones generales de alquiler - Gite du Figuier","isPartOf":{"@id":"https:\/\/gitedufiguier.com\/en\/#website"},"datePublished":"2026-02-11T13:03:55+00:00","dateModified":"2026-02-11T13:04:38+00:00","breadcrumb":{"@id":"https:\/\/gitedufiguier.com\/conditions-generales-de-location\/#breadcrumb"},"inLanguage":"es","potentialAction":[{"@type":"ReadAction","target":["https:\/\/gitedufiguier.com\/conditions-generales-de-location\/"]}]},{"@type":"BreadcrumbList","@id":"https:\/\/gitedufiguier.com\/conditions-generales-de-location\/#breadcrumb","itemListElement":[{"@type":"ListItem","position":1,"name":"Accueil","item":"https:\/\/gitedufiguier.com\/en\/"},{"@type":"ListItem","position":2,"name":"Conditions g\u00e9n\u00e9rales de location"}]},{"@type":"WebSite","@id":"https:\/\/gitedufiguier.com\/en\/#website","url":"https:\/\/gitedufiguier.com\/en\/","name":"Caba\u00f1a de la higuera","description":"","publisher":{"@id":"https:\/\/gitedufiguier.com\/en\/#organization"},"potentialAction":[{"@type":"SearchAction","target":{"@type":"EntryPoint","urlTemplate":"https:\/\/gitedufiguier.com\/en\/?s={search_term_string}"},"query-input":{"@type":"PropertyValueSpecification","valueRequired":true,"valueName":"search_term_string"}}],"inLanguage":"es"},{"@type":"Organization","@id":"https:\/\/gitedufiguier.com\/en\/#organization","name":"Caba\u00f1a de la higuera","url":"https:\/\/gitedufiguier.com\/en\/","logo":{"@type":"ImageObject","inLanguage":"es","@id":"https:\/\/gitedufiguier.com\/en\/#\/schema\/logo\/image\/","url":"https:\/\/gitedufiguier.com\/wp-content\/uploads\/2026\/01\/Favicon.png","contentUrl":"https:\/\/gitedufiguier.com\/wp-content\/uploads\/2026\/01\/Favicon.png","width":271,"height":270,"caption":"Gite du Figuier"},"image":{"@id":"https:\/\/gitedufiguier.com\/en\/#\/schema\/logo\/image\/"}}]}},"_links":{"self":[{"href":"https:\/\/gitedufiguier.com\/es\/wp-json\/wp\/v2\/pages\/2186","targetHints":{"allow":["GET"]}}],"collection":[{"href":"https:\/\/gitedufiguier.com\/es\/wp-json\/wp\/v2\/pages"}],"about":[{"href":"https:\/\/gitedufiguier.com\/es\/wp-json\/wp\/v2\/types\/page"}],"author":[{"embeddable":true,"href":"https:\/\/gitedufiguier.com\/es\/wp-json\/wp\/v2\/users\/1"}],"replies":[{"embeddable":true,"href":"https:\/\/gitedufiguier.com\/es\/wp-json\/wp\/v2\/comments?post=2186"}],"version-history":[{"count":2,"href":"https:\/\/gitedufiguier.com\/es\/wp-json\/wp\/v2\/pages\/2186\/revisions"}],"predecessor-version":[{"id":2188,"href":"https:\/\/gitedufiguier.com\/es\/wp-json\/wp\/v2\/pages\/2186\/revisions\/2188"}],"wp:attachment":[{"href":"https:\/\/gitedufiguier.com\/es\/wp-json\/wp\/v2\/media?parent=2186"}],"curies":[{"name":"wp","href":"https:\/\/api.w.org\/{rel}","templated":true}]}}